{"id":248,"date":"2021-01-17T22:09:51","date_gmt":"2021-01-17T21:09:51","guid":{"rendered":"http:\/\/fw-em.de\/?page_id=248"},"modified":"2021-04-18T18:57:28","modified_gmt":"2021-04-18T17:57:28","slug":"flurfoerderzeuge-bedienen-ausbildung-fuer-fahrpersonal","status":"publish","type":"page","link":"https:\/\/fw-em.de\/?page_id=248","title":{"rendered":"Flurf\u00f6rderzeuge bedienen \u2013 Ausbildung f\u00fcr Fahrpersonal"},"content":{"rendered":"\n<p>Wir bilden Ihre Mitarbeiter aus!<\/p>\n\n\n\n<p>Fahrpersonal von Gabelstaplern \/ Flurf\u00f6rderzeugen m\u00fcssen laut DGUV Regel 208-004 \u00a0sowie DGUV Vorschrift 68 unterwiesen und beauftragt werden<\/p>\n\n\n\n<p>Um die Arbeitssicherheit auf hohem Niveau zu halten, ist der Unternehmer nach<br>DGUV Vorschrift 1 \u00a7 4 verpflichtet, die Mitarbeiter mindestens einmal j\u00e4hrlich zu unterweisen<\/p>\n\n\n\n<p><\/p>\n\n\n\n<p>Ihr Fahrpersonal darf nur ein Gabelstapler \/ Flurf\u00f6rderzeug f\u00fchren wenn folgende voraussetzungen erf\u00fcllt sind:<\/p>\n\n\n\n<ul><li>18 Jahre alt sind<\/li><li>F\u00fcr diese T\u00e4tigkeit geeignit und ausgebildet sind und<\/li><li>Ihre Bef\u00e4higung nachgewiesen haben<\/li><\/ul>\n\n\n\n<p><strong>Wir bieten Ihnen:<\/strong><\/p>\n\n\n\n<ul><li><strong>2 t\u00e4gige Erstschulung Ihres Fahrpersonal in Ihrem Haus<\/strong><\/li><li><strong>J\u00e4hrliche Unterweisung Ihres Fahrpersonals<\/strong><\/li><li><strong>Erstellen der Gef\u00e4hrdungsbeurteilung &amp; Betriebsanweisungen Ihrer Flurf\u00f6rderzeuge<\/strong><\/li><\/ul>\n\n\n\n<p><\/p>\n\n\n\n<p><\/p>\n","protected":false},"excerpt":{"rendered":"<p>Wir bilden Ihre Mitarbeiter aus! Fahrpersonal von Gabelstaplern \/ Flurf\u00f6rderzeugen m\u00fcssen laut DGUV Regel 208-004 \u00a0sowie DGUV Vorschrift 68 unterwiesen und beauftragt werden Um die Arbeitssicherheit auf hohem Niveau zu halten, ist der Unternehmer nachDGUV Vorschrift 1 \u00a7 4 verpflichtet, die Mitarbeiter mindestens einmal j\u00e4hrlich zu unterweisen Ihr Fahrpersonal darf nur ein Gabelstapler \/ Flurf\u00f6rderzeug &hellip; <\/p>\n<p class=\"link-more\"><a href=\"https:\/\/fw-em.de\/?page_id=248\" class=\"more-link\"><span class=\"screen-reader-text\">\u201eFlurf\u00f6rderzeuge bedienen \u2013 Ausbildung f\u00fcr Fahrpersonal\u201c<\/span> weiterlesen<\/a><\/p>\n","protected":false},"author":1,"featured_media":0,"parent":0,"menu_order":0,"comment_status":"closed","ping_status":"closed","template":"","meta":{"_acf_changed":false,"footnotes":""},"acf":[],"yoast_head":"<!-- This site is optimized with the Yoast SEO plugin v22.1 - https:\/\/yoast.com\/wordpress\/plugins\/seo\/ -->\n<title>Flurf\u00f6rderzeuge bedienen \u2013 Ausbildung f\u00fcr Fahrpersonal - Energie &amp; Management<\/title>\n<meta name=\"robots\" content=\"index, follow, max-snippet:-1, max-image-preview:large, max-video-preview:-1\" \/>\n<link rel=\"canonical\" href=\"https:\/\/fw-em.de\/?page_id=248\" \/>\n<meta property=\"og:locale\" content=\"de_DE\" \/>\n<meta property=\"og:type\" content=\"article\" \/>\n<meta property=\"og:title\" content=\"Flurf\u00f6rderzeuge bedienen \u2013 Ausbildung f\u00fcr Fahrpersonal - Energie &amp; Management\" \/>\n<meta property=\"og:description\" content=\"Wir bilden Ihre Mitarbeiter aus! Fahrpersonal von Gabelstaplern \/ Flurf\u00f6rderzeugen m\u00fcssen laut DGUV Regel 208-004 \u00a0sowie DGUV Vorschrift 68 unterwiesen und beauftragt werden Um die Arbeitssicherheit auf hohem Niveau zu halten, ist der Unternehmer nachDGUV Vorschrift 1 \u00a7 4 verpflichtet, die Mitarbeiter mindestens einmal j\u00e4hrlich zu unterweisen Ihr Fahrpersonal darf nur ein Gabelstapler \/ Flurf\u00f6rderzeug &hellip; \u201eFlurf\u00f6rderzeuge bedienen \u2013 Ausbildung f\u00fcr Fahrpersonal\u201c weiterlesen\" \/>\n<meta property=\"og:url\" content=\"https:\/\/fw-em.de\/?page_id=248\" \/>\n<meta property=\"og:site_name\" content=\"Energie &amp; Management\" \/>\n<meta property=\"article:modified_time\" content=\"2021-04-18T17:57:28+00:00\" \/>\n<meta name=\"twitter:card\" content=\"summary_large_image\" \/>\n<meta name=\"twitter:label1\" content=\"Gesch\u00e4tzte Lesezeit\" \/>\n\t<meta name=\"twitter:data1\" content=\"1\u00a0Minute\" \/>\n<script type=\"application\/ld+json\" class=\"yoast-schema-graph\">{\"@context\":\"https:\/\/schema.org\",\"@graph\":[{\"@type\":\"WebPage\",\"@id\":\"https:\/\/fw-em.de\/?page_id=248\",\"url\":\"https:\/\/fw-em.de\/?page_id=248\",\"name\":\"Flurf\u00f6rderzeuge bedienen \u2013 Ausbildung f\u00fcr Fahrpersonal - Energie &amp; Management\",\"isPartOf\":{\"@id\":\"https:\/\/fw-em.de\/#website\"},\"datePublished\":\"2021-01-17T21:09:51+00:00\",\"dateModified\":\"2021-04-18T17:57:28+00:00\",\"breadcrumb\":{\"@id\":\"https:\/\/fw-em.de\/?page_id=248#breadcrumb\"},\"inLanguage\":\"de\",\"potentialAction\":[{\"@type\":\"ReadAction\",\"target\":[\"https:\/\/fw-em.de\/?page_id=248\"]}]},{\"@type\":\"BreadcrumbList\",\"@id\":\"https:\/\/fw-em.de\/?page_id=248#breadcrumb\",\"itemListElement\":[{\"@type\":\"ListItem\",\"position\":1,\"name\":\"Startseite\",\"item\":\"https:\/\/fw-em.de\/\"},{\"@type\":\"ListItem\",\"position\":2,\"name\":\"Flurf\u00f6rderzeuge bedienen \u2013 Ausbildung f\u00fcr Fahrpersonal\"}]},{\"@type\":\"WebSite\",\"@id\":\"https:\/\/fw-em.de\/#website\",\"url\":\"https:\/\/fw-em.de\/\",\"name\":\"Energie & Management\",\"description\":\"Beratung &amp; Pr\u00fcfen\",\"publisher\":{\"@id\":\"https:\/\/fw-em.de\/#organization\"},\"potentialAction\":[{\"@type\":\"SearchAction\",\"target\":{\"@type\":\"EntryPoint\",\"urlTemplate\":\"https:\/\/fw-em.de\/?s={search_term_string}\"},\"query-input\":\"required name=search_term_string\"}],\"inLanguage\":\"de\"},{\"@type\":\"Organization\",\"@id\":\"https:\/\/fw-em.de\/#organization\",\"name\":\"Energie & Management\",\"url\":\"https:\/\/fw-em.de\/\",\"logo\":{\"@type\":\"ImageObject\",\"inLanguage\":\"de\",\"@id\":\"https:\/\/fw-em.de\/#\/schema\/logo\/image\/\",\"url\":\"https:\/\/fw-em.de\/wp-content\/uploads\/2020\/04\/AdobeStock_76322816-scaled.jpeg\",\"contentUrl\":\"https:\/\/fw-em.de\/wp-content\/uploads\/2020\/04\/AdobeStock_76322816-scaled.jpeg\",\"width\":2560,\"height\":999,\"caption\":\"Energie & Management\"},\"image\":{\"@id\":\"https:\/\/fw-em.de\/#\/schema\/logo\/image\/\"}}]}<\/script>\n<!-- \/ Yoast SEO plugin. -->","yoast_head_json":{"title":"Flurf\u00f6rderzeuge bedienen \u2013 Ausbildung f\u00fcr Fahrpersonal - Energie &amp; Management","robots":{"index":"index","follow":"follow","max-snippet":"max-snippet:-1","max-image-preview":"max-image-preview:large","max-video-preview":"max-video-preview:-1"},"canonical":"https:\/\/fw-em.de\/?page_id=248","og_locale":"de_DE","og_type":"article","og_title":"Flurf\u00f6rderzeuge bedienen \u2013 Ausbildung f\u00fcr Fahrpersonal - Energie &amp; Management","og_description":"Wir bilden Ihre Mitarbeiter aus! Fahrpersonal von Gabelstaplern \/ Flurf\u00f6rderzeugen m\u00fcssen laut DGUV Regel 208-004 \u00a0sowie DGUV Vorschrift 68 unterwiesen und beauftragt werden Um die Arbeitssicherheit auf hohem Niveau zu halten, ist der Unternehmer nachDGUV Vorschrift 1 \u00a7 4 verpflichtet, die Mitarbeiter mindestens einmal j\u00e4hrlich zu unterweisen Ihr Fahrpersonal darf nur ein Gabelstapler \/ Flurf\u00f6rderzeug &hellip; \u201eFlurf\u00f6rderzeuge bedienen \u2013 Ausbildung f\u00fcr Fahrpersonal\u201c weiterlesen","og_url":"https:\/\/fw-em.de\/?page_id=248","og_site_name":"Energie &amp; Management","article_modified_time":"2021-04-18T17:57:28+00:00","twitter_card":"summary_large_image","twitter_misc":{"Gesch\u00e4tzte Lesezeit":"1\u00a0Minute"},"schema":{"@context":"https:\/\/schema.org","@graph":[{"@type":"WebPage","@id":"https:\/\/fw-em.de\/?page_id=248","url":"https:\/\/fw-em.de\/?page_id=248","name":"Flurf\u00f6rderzeuge bedienen \u2013 Ausbildung f\u00fcr Fahrpersonal - Energie &amp; Management","isPartOf":{"@id":"https:\/\/fw-em.de\/#website"},"datePublished":"2021-01-17T21:09:51+00:00","dateModified":"2021-04-18T17:57:28+00:00","breadcrumb":{"@id":"https:\/\/fw-em.de\/?page_id=248#breadcrumb"},"inLanguage":"de","potentialAction":[{"@type":"ReadAction","target":["https:\/\/fw-em.de\/?page_id=248"]}]},{"@type":"BreadcrumbList","@id":"https:\/\/fw-em.de\/?page_id=248#breadcrumb","itemListElement":[{"@type":"ListItem","position":1,"name":"Startseite","item":"https:\/\/fw-em.de\/"},{"@type":"ListItem","position":2,"name":"Flurf\u00f6rderzeuge bedienen \u2013 Ausbildung f\u00fcr Fahrpersonal"}]},{"@type":"WebSite","@id":"https:\/\/fw-em.de\/#website","url":"https:\/\/fw-em.de\/","name":"Energie & Management","description":"Beratung &amp; Pr\u00fcfen","publisher":{"@id":"https:\/\/fw-em.de\/#organization"},"potentialAction":[{"@type":"SearchAction","target":{"@type":"EntryPoint","urlTemplate":"https:\/\/fw-em.de\/?s={search_term_string}"},"query-input":"required name=search_term_string"}],"inLanguage":"de"},{"@type":"Organization","@id":"https:\/\/fw-em.de\/#organization","name":"Energie & Management","url":"https:\/\/fw-em.de\/","logo":{"@type":"ImageObject","inLanguage":"de","@id":"https:\/\/fw-em.de\/#\/schema\/logo\/image\/","url":"https:\/\/fw-em.de\/wp-content\/uploads\/2020\/04\/AdobeStock_76322816-scaled.jpeg","contentUrl":"https:\/\/fw-em.de\/wp-content\/uploads\/2020\/04\/AdobeStock_76322816-scaled.jpeg","width":2560,"height":999,"caption":"Energie & Management"},"image":{"@id":"https:\/\/fw-em.de\/#\/schema\/logo\/image\/"}}]}},"_links":{"self":[{"href":"https:\/\/fw-em.de\/index.php?rest_route=\/wp\/v2\/pages\/248"}],"collection":[{"href":"https:\/\/fw-em.de\/index.php?rest_route=\/wp\/v2\/pages"}],"about":[{"href":"https:\/\/fw-em.de\/index.php?rest_route=\/wp\/v2\/types\/page"}],"author":[{"embeddable":true,"href":"https:\/\/fw-em.de\/index.php?rest_route=\/wp\/v2\/users\/1"}],"replies":[{"embeddable":true,"href":"https:\/\/fw-em.de\/index.php?rest_route=%2Fwp%2Fv2%2Fcomments&post=248"}],"version-history":[{"count":3,"href":"https:\/\/fw-em.de\/index.php?rest_route=\/wp\/v2\/pages\/248\/revisions"}],"predecessor-version":[{"id":266,"href":"https:\/\/fw-em.de\/index.php?rest_route=\/wp\/v2\/pages\/248\/revisions\/266"}],"wp:attachment":[{"href":"https:\/\/fw-em.de\/index.php?rest_route=%2Fwp%2Fv2%2Fmedia&parent=248"}],"curies":[{"name":"wp","href":"https:\/\/api.w.org\/{rel}","templated":true}]}}