{"id":37,"date":"2020-02-25T14:23:46","date_gmt":"2020-02-25T13:23:46","guid":{"rendered":"http:\/\/fw-em.de\/?page_id=37"},"modified":"2020-04-12T20:45:23","modified_gmt":"2020-04-12T19:45:23","slug":"regalpruefung-nach-din-en-15635","status":"publish","type":"page","link":"https:\/\/fw-em.de\/?page_id=37","title":{"rendered":"Regalpr\u00fcfung nach DIN EN 15635"},"content":{"rendered":"\n<div class=\"wp-block-ps2id-block-target\" id=\"Regalpr\u00fcfung\"><\/div>\n\n\n\n<p><strong>Was muss gepr\u00fcft werden ?<\/strong><\/p>\n\n\n\n<p>Als pr\u00fcfpflichtige Regalsysteme gelten ortsfeste Regale  Dies sind unter anderem:<\/p>\n\n\n\n<ul><li>Fachbodenregale<\/li><li>Palettenregale<\/li><li>Kragarmregale<\/li><li>Einfahrregale<\/li><li>Durchfahr- und Durchlaufregale<\/li><li>Mehrgeschosseinrichtungen<\/li><\/ul>\n\n\n\n<p><strong>Warum muss gepr\u00fcft werden ?<\/strong><\/p>\n\n\n\n<p>Der Arbeitgeber sind nach der der Betriebssicherheitsverordnung (BetrSichV) verpflichtet jegliche Betriebseinrichtung \/ Lagereinrichtung wie z.b. Regalsysteme regelm\u00e4ssig zu pr\u00fcfen. Nach der DIN 15635 regelt diese Pr\u00fcfung und sieht eine Pr\u00fcfung alle 12 Monate oder bei Bedarf vor.   <\/p>\n\n\n\n<p><strong>Rechtlicher Hintergrund zur Pr\u00fcfpflicht finden sich in:<\/strong><\/p>\n\n\n\n<ul><li>DGUV Regel 108-007 (BGR 234): Lagereinrichtungen\/Regale sind Arbeitsmittel und unterliegen somit der Betriebssicherheitsverordnung (BetrSichV)<\/li><li>DIN EN 15635: legt den Umfang als auch den Ablauf der Kontrollen von Lagereinrichtungen\/Regalen fest Bef\u00e4higte Person &#8211; der Regalinspekteur<\/li><\/ul>\n\n\n\n<p><strong>Wer darf dies Pr\u00fcfen?<\/strong><\/p>\n\n\n\n<ul><li>Nur ausgebildete Regalinspekteure sind befugt, Regalpr\u00fcfungen nach DIN EN 15635 durchzuf\u00fchren. Der Regalinspekteur kennt die Gesetze, Verordnungen und Regeln der Berufsgenossenschaften sowie die europ\u00e4ischen Normen, die speziell f\u00fcr Regale gelten. Unsere Regalinspekteure verf\u00fcgen \u00fcber eine entsprechende Ausbildung inkl. Abschlusspr\u00fcfung. Sie besitzen Kenntnisse und Erfahrungen \u00fcber die konkrete Lagereinrichtung bzw. das vorhandene Regal.<\/li><\/ul>\n\n\n\n<p><strong>Gern pr\u00fcfen Wir f\u00fcr Sie Ihre Regalsysteme und erstellen f\u00fcr Sie:<\/strong><\/p>\n\n\n\n<ul><li>Pr\u00fcfunterlagen f\u00fcr Ihr Regalsystem<\/li><li>Beschriftung der Regalesysteme<\/li><li>Pr\u00fcf- und Wartungspl\u00e4ne <\/li><li>Ein Konzept f\u00fcr eine bessere Lagerung Ihrer Waren<\/li><\/ul>\n\n\n\n<p><strong>Was wird gepr\u00fcft?<\/strong><\/p>\n\n\n\n<ul><li>Visuelle Kontrolle Ihrer Lagereinrichtungen<\/li><li>Abgleich der Belastungsschilder mit dem Aufbau der Regalanlage<\/li><li>Kontrolle auf Einhaltung der Vorschriften der Berufsgenossenschaft nach DGUV Regel 108-007 (BGR 234)<\/li><li>Pr\u00fcfung auf Einhaltung von Herstellervorgaben f\u00fcr Aufbau und Betrieb der Anlagen<\/li><li>Kennzeichnung besch\u00e4digter Bauteile sowie Feststellung der Ursachen<\/li><li>Erstellung eines detaillierten Inspektionsprotokolls mit Beurteilung der Sch\u00e4den<\/li><li>vollst\u00e4ndiger Ma\u00dfnahmeplan zur Beseitigung der festgestellten M\u00e4ngel<\/li><li>Schadensanalyse &#8211; Wie sind die vorhandenen Sch\u00e4den entstanden ?<\/li><li>Vorsorgeplan zur Schadensvorbeugung<\/li><\/ul>\n\n\n\n<p><\/p>\n","protected":false},"excerpt":{"rendered":"<p>Was muss gepr\u00fcft werden ? Als pr\u00fcfpflichtige Regalsysteme gelten ortsfeste Regale Dies sind unter anderem: Fachbodenregale Palettenregale Kragarmregale Einfahrregale Durchfahr- und Durchlaufregale Mehrgeschosseinrichtungen Warum muss gepr\u00fcft werden ? Der Arbeitgeber sind nach der der Betriebssicherheitsverordnung (BetrSichV) verpflichtet jegliche Betriebseinrichtung \/ Lagereinrichtung wie z.b. Regalsysteme regelm\u00e4ssig zu pr\u00fcfen. Nach der DIN 15635 regelt diese Pr\u00fcfung und &hellip; <\/p>\n<p class=\"link-more\"><a href=\"https:\/\/fw-em.de\/?page_id=37\" class=\"more-link\"><span class=\"screen-reader-text\">\u201eRegalpr\u00fcfung nach DIN EN 15635\u201c<\/span> weiterlesen<\/a><\/p>\n","protected":false},"author":1,"featured_media":0,"parent":0,"menu_order":0,"comment_status":"closed","ping_status":"closed","template":"","meta":{"_acf_changed":false,"footnotes":""},"acf":[],"yoast_head":"<!-- This site is optimized with the Yoast SEO plugin v22.1 - https:\/\/yoast.com\/wordpress\/plugins\/seo\/ -->\n<title>Regalpr\u00fcfung nach DIN EN 15635 - Energie &amp; Management<\/title>\n<meta name=\"robots\" content=\"index, follow, max-snippet:-1, max-image-preview:large, max-video-preview:-1\" \/>\n<link rel=\"canonical\" href=\"https:\/\/fw-em.de\/?page_id=37\" \/>\n<meta property=\"og:locale\" content=\"de_DE\" \/>\n<meta property=\"og:type\" content=\"article\" \/>\n<meta property=\"og:title\" content=\"Regalpr\u00fcfung nach DIN EN 15635 - Energie &amp; Management\" \/>\n<meta property=\"og:description\" content=\"Was muss gepr\u00fcft werden ? Als pr\u00fcfpflichtige Regalsysteme gelten ortsfeste Regale Dies sind unter anderem: Fachbodenregale Palettenregale Kragarmregale Einfahrregale Durchfahr- und Durchlaufregale Mehrgeschosseinrichtungen Warum muss gepr\u00fcft werden ? Der Arbeitgeber sind nach der der Betriebssicherheitsverordnung (BetrSichV) verpflichtet jegliche Betriebseinrichtung \/ Lagereinrichtung wie z.b. Regalsysteme regelm\u00e4ssig zu pr\u00fcfen. Nach der DIN 15635 regelt diese Pr\u00fcfung und &hellip; \u201eRegalpr\u00fcfung nach DIN EN 15635\u201c weiterlesen\" \/>\n<meta property=\"og:url\" content=\"https:\/\/fw-em.de\/?page_id=37\" \/>\n<meta property=\"og:site_name\" content=\"Energie &amp; Management\" \/>\n<meta property=\"article:modified_time\" content=\"2020-04-12T19:45:23+00:00\" \/>\n<meta name=\"twitter:card\" content=\"summary_large_image\" \/>\n<meta name=\"twitter:label1\" content=\"Gesch\u00e4tzte Lesezeit\" \/>\n\t<meta name=\"twitter:data1\" content=\"1\u00a0Minute\" \/>\n<script type=\"application\/ld+json\" class=\"yoast-schema-graph\">{\"@context\":\"https:\/\/schema.org\",\"@graph\":[{\"@type\":\"WebPage\",\"@id\":\"https:\/\/fw-em.de\/?page_id=37\",\"url\":\"https:\/\/fw-em.de\/?page_id=37\",\"name\":\"Regalpr\u00fcfung nach DIN EN 15635 - Energie &amp; Management\",\"isPartOf\":{\"@id\":\"https:\/\/fw-em.de\/#website\"},\"datePublished\":\"2020-02-25T13:23:46+00:00\",\"dateModified\":\"2020-04-12T19:45:23+00:00\",\"breadcrumb\":{\"@id\":\"https:\/\/fw-em.de\/?page_id=37#breadcrumb\"},\"inLanguage\":\"de\",\"potentialAction\":[{\"@type\":\"ReadAction\",\"target\":[\"https:\/\/fw-em.de\/?page_id=37\"]}]},{\"@type\":\"BreadcrumbList\",\"@id\":\"https:\/\/fw-em.de\/?page_id=37#breadcrumb\",\"itemListElement\":[{\"@type\":\"ListItem\",\"position\":1,\"name\":\"Startseite\",\"item\":\"https:\/\/fw-em.de\/\"},{\"@type\":\"ListItem\",\"position\":2,\"name\":\"Regalpr\u00fcfung nach DIN EN 15635\"}]},{\"@type\":\"WebSite\",\"@id\":\"https:\/\/fw-em.de\/#website\",\"url\":\"https:\/\/fw-em.de\/\",\"name\":\"Energie & Management\",\"description\":\"Beratung &amp; Pr\u00fcfen\",\"publisher\":{\"@id\":\"https:\/\/fw-em.de\/#organization\"},\"potentialAction\":[{\"@type\":\"SearchAction\",\"target\":{\"@type\":\"EntryPoint\",\"urlTemplate\":\"https:\/\/fw-em.de\/?s={search_term_string}\"},\"query-input\":\"required name=search_term_string\"}],\"inLanguage\":\"de\"},{\"@type\":\"Organization\",\"@id\":\"https:\/\/fw-em.de\/#organization\",\"name\":\"Energie & Management\",\"url\":\"https:\/\/fw-em.de\/\",\"logo\":{\"@type\":\"ImageObject\",\"inLanguage\":\"de\",\"@id\":\"https:\/\/fw-em.de\/#\/schema\/logo\/image\/\",\"url\":\"https:\/\/fw-em.de\/wp-content\/uploads\/2020\/04\/AdobeStock_76322816-scaled.jpeg\",\"contentUrl\":\"https:\/\/fw-em.de\/wp-content\/uploads\/2020\/04\/AdobeStock_76322816-scaled.jpeg\",\"width\":2560,\"height\":999,\"caption\":\"Energie & Management\"},\"image\":{\"@id\":\"https:\/\/fw-em.de\/#\/schema\/logo\/image\/\"}}]}<\/script>\n<!-- \/ Yoast SEO plugin. -->","yoast_head_json":{"title":"Regalpr\u00fcfung nach DIN EN 15635 - Energie &amp; Management","robots":{"index":"index","follow":"follow","max-snippet":"max-snippet:-1","max-image-preview":"max-image-preview:large","max-video-preview":"max-video-preview:-1"},"canonical":"https:\/\/fw-em.de\/?page_id=37","og_locale":"de_DE","og_type":"article","og_title":"Regalpr\u00fcfung nach DIN EN 15635 - Energie &amp; Management","og_description":"Was muss gepr\u00fcft werden ? Als pr\u00fcfpflichtige Regalsysteme gelten ortsfeste Regale Dies sind unter anderem: Fachbodenregale Palettenregale Kragarmregale Einfahrregale Durchfahr- und Durchlaufregale Mehrgeschosseinrichtungen Warum muss gepr\u00fcft werden ? Der Arbeitgeber sind nach der der Betriebssicherheitsverordnung (BetrSichV) verpflichtet jegliche Betriebseinrichtung \/ Lagereinrichtung wie z.b. Regalsysteme regelm\u00e4ssig zu pr\u00fcfen. Nach der DIN 15635 regelt diese Pr\u00fcfung und &hellip; \u201eRegalpr\u00fcfung nach DIN EN 15635\u201c weiterlesen","og_url":"https:\/\/fw-em.de\/?page_id=37","og_site_name":"Energie &amp; Management","article_modified_time":"2020-04-12T19:45:23+00:00","twitter_card":"summary_large_image","twitter_misc":{"Gesch\u00e4tzte Lesezeit":"1\u00a0Minute"},"schema":{"@context":"https:\/\/schema.org","@graph":[{"@type":"WebPage","@id":"https:\/\/fw-em.de\/?page_id=37","url":"https:\/\/fw-em.de\/?page_id=37","name":"Regalpr\u00fcfung nach DIN EN 15635 - Energie &amp; Management","isPartOf":{"@id":"https:\/\/fw-em.de\/#website"},"datePublished":"2020-02-25T13:23:46+00:00","dateModified":"2020-04-12T19:45:23+00:00","breadcrumb":{"@id":"https:\/\/fw-em.de\/?page_id=37#breadcrumb"},"inLanguage":"de","potentialAction":[{"@type":"ReadAction","target":["https:\/\/fw-em.de\/?page_id=37"]}]},{"@type":"BreadcrumbList","@id":"https:\/\/fw-em.de\/?page_id=37#breadcrumb","itemListElement":[{"@type":"ListItem","position":1,"name":"Startseite","item":"https:\/\/fw-em.de\/"},{"@type":"ListItem","position":2,"name":"Regalpr\u00fcfung nach DIN EN 15635"}]},{"@type":"WebSite","@id":"https:\/\/fw-em.de\/#website","url":"https:\/\/fw-em.de\/","name":"Energie & Management","description":"Beratung &amp; Pr\u00fcfen","publisher":{"@id":"https:\/\/fw-em.de\/#organization"},"potentialAction":[{"@type":"SearchAction","target":{"@type":"EntryPoint","urlTemplate":"https:\/\/fw-em.de\/?s={search_term_string}"},"query-input":"required name=search_term_string"}],"inLanguage":"de"},{"@type":"Organization","@id":"https:\/\/fw-em.de\/#organization","name":"Energie & Management","url":"https:\/\/fw-em.de\/","logo":{"@type":"ImageObject","inLanguage":"de","@id":"https:\/\/fw-em.de\/#\/schema\/logo\/image\/","url":"https:\/\/fw-em.de\/wp-content\/uploads\/2020\/04\/AdobeStock_76322816-scaled.jpeg","contentUrl":"https:\/\/fw-em.de\/wp-content\/uploads\/2020\/04\/AdobeStock_76322816-scaled.jpeg","width":2560,"height":999,"caption":"Energie & Management"},"image":{"@id":"https:\/\/fw-em.de\/#\/schema\/logo\/image\/"}}]}},"_links":{"self":[{"href":"https:\/\/fw-em.de\/index.php?rest_route=\/wp\/v2\/pages\/37"}],"collection":[{"href":"https:\/\/fw-em.de\/index.php?rest_route=\/wp\/v2\/pages"}],"about":[{"href":"https:\/\/fw-em.de\/index.php?rest_route=\/wp\/v2\/types\/page"}],"author":[{"embeddable":true,"href":"https:\/\/fw-em.de\/index.php?rest_route=\/wp\/v2\/users\/1"}],"replies":[{"embeddable":true,"href":"https:\/\/fw-em.de\/index.php?rest_route=%2Fwp%2Fv2%2Fcomments&post=37"}],"version-history":[{"count":12,"href":"https:\/\/fw-em.de\/index.php?rest_route=\/wp\/v2\/pages\/37\/revisions"}],"predecessor-version":[{"id":208,"href":"https:\/\/fw-em.de\/index.php?rest_route=\/wp\/v2\/pages\/37\/revisions\/208"}],"wp:attachment":[{"href":"https:\/\/fw-em.de\/index.php?rest_route=%2Fwp%2Fv2%2Fmedia&parent=37"}],"curies":[{"name":"wp","href":"https:\/\/api.w.org\/{rel}","templated":true}]}}