{"id":47,"date":"2020-02-25T21:54:18","date_gmt":"2020-02-25T20:54:18","guid":{"rendered":"http:\/\/fw-em.de\/?page_id=47"},"modified":"2020-04-20T20:50:35","modified_gmt":"2020-04-20T19:50:35","slug":"beratung-energiemanagement","status":"publish","type":"page","link":"https:\/\/fw-em.de\/?page_id=47","title":{"rendered":"Beratung Energiemanagement"},"content":{"rendered":"\n<div class=\"wp-block-ps2id-block-target\" id=\"Beratung\"><\/div>\n\n\n\n<p>Wir beraten Sie bei allen Fragen rund um das Thema Energiemanagement.<\/p>\n\n\n\n<ul><li>Sie wollen ein Energiemanagementsystem (EMS) einf\u00fchren ?<\/li><li>Sie wollen Ihre Energiekosten pr\u00fcfen und optimieren ?<\/li><li>Den Energiebedarf Ihres Unternehmen feststellen?<\/li><li>Den Verbrauch einer Maschine messen?<\/li><li>Wir erstellen Ihnen ein Konzept f\u00fcr Ihren Maschinenpark<ul><li>wann &#8222;arbeitet&#8220; Ihre Maschine und wann steht diese (Produktivit\u00e4t)<\/li><\/ul><\/li><li>Oder die Kosten je Produkt (Herstellung) messen?<\/li><\/ul>\n\n\n\n<p>Lassen Sie uns gemeinsam eine Strategie entwicklen um die bestm\u00f6gliche L\u00f6sung f\u00fcr Ihr Unternehmen zu finden.<\/p>\n","protected":false},"excerpt":{"rendered":"<p>Wir beraten Sie bei allen Fragen rund um das Thema Energiemanagement. Sie wollen ein Energiemanagementsystem (EMS) einf\u00fchren ? Sie wollen Ihre Energiekosten pr\u00fcfen und optimieren ? Den Energiebedarf Ihres Unternehmen feststellen? Den Verbrauch einer Maschine messen? Wir erstellen Ihnen ein Konzept f\u00fcr Ihren Maschinenpark wann &#8222;arbeitet&#8220; Ihre Maschine und wann steht diese (Produktivit\u00e4t) Oder die &hellip; <\/p>\n<p class=\"link-more\"><a href=\"https:\/\/fw-em.de\/?page_id=47\" class=\"more-link\"><span class=\"screen-reader-text\">\u201eBeratung Energiemanagement\u201c<\/span> weiterlesen<\/a><\/p>\n","protected":false},"author":1,"featured_media":0,"parent":0,"menu_order":0,"comment_status":"closed","ping_status":"closed","template":"","meta":{"_acf_changed":false,"footnotes":""},"acf":[],"yoast_head":"<!-- This site is optimized with the Yoast SEO plugin v22.1 - https:\/\/yoast.com\/wordpress\/plugins\/seo\/ -->\n<title>Beratung Energiemanagement - Energie &amp; Management<\/title>\n<meta name=\"robots\" content=\"index, follow, max-snippet:-1, max-image-preview:large, max-video-preview:-1\" \/>\n<link rel=\"canonical\" href=\"https:\/\/fw-em.de\/?page_id=47\" \/>\n<meta property=\"og:locale\" content=\"de_DE\" \/>\n<meta property=\"og:type\" content=\"article\" \/>\n<meta property=\"og:title\" content=\"Beratung Energiemanagement - Energie &amp; Management\" \/>\n<meta property=\"og:description\" content=\"Wir beraten Sie bei allen Fragen rund um das Thema Energiemanagement. Sie wollen ein Energiemanagementsystem (EMS) einf\u00fchren ? Sie wollen Ihre Energiekosten pr\u00fcfen und optimieren ? Den Energiebedarf Ihres Unternehmen feststellen? Den Verbrauch einer Maschine messen? Wir erstellen Ihnen ein Konzept f\u00fcr Ihren Maschinenpark wann &#8222;arbeitet&#8220; Ihre Maschine und wann steht diese (Produktivit\u00e4t) Oder die &hellip; \u201eBeratung Energiemanagement\u201c weiterlesen\" \/>\n<meta property=\"og:url\" content=\"https:\/\/fw-em.de\/?page_id=47\" \/>\n<meta property=\"og:site_name\" content=\"Energie &amp; Management\" \/>\n<meta property=\"article:modified_time\" content=\"2020-04-20T19:50:35+00:00\" \/>\n<meta name=\"twitter:card\" content=\"summary_large_image\" \/>\n<script type=\"application\/ld+json\" class=\"yoast-schema-graph\">{\"@context\":\"https:\/\/schema.org\",\"@graph\":[{\"@type\":\"WebPage\",\"@id\":\"https:\/\/fw-em.de\/?page_id=47\",\"url\":\"https:\/\/fw-em.de\/?page_id=47\",\"name\":\"Beratung Energiemanagement - Energie &amp; Management\",\"isPartOf\":{\"@id\":\"https:\/\/fw-em.de\/#website\"},\"datePublished\":\"2020-02-25T20:54:18+00:00\",\"dateModified\":\"2020-04-20T19:50:35+00:00\",\"breadcrumb\":{\"@id\":\"https:\/\/fw-em.de\/?page_id=47#breadcrumb\"},\"inLanguage\":\"de\",\"potentialAction\":[{\"@type\":\"ReadAction\",\"target\":[\"https:\/\/fw-em.de\/?page_id=47\"]}]},{\"@type\":\"BreadcrumbList\",\"@id\":\"https:\/\/fw-em.de\/?page_id=47#breadcrumb\",\"itemListElement\":[{\"@type\":\"ListItem\",\"position\":1,\"name\":\"Startseite\",\"item\":\"https:\/\/fw-em.de\/\"},{\"@type\":\"ListItem\",\"position\":2,\"name\":\"Beratung Energiemanagement\"}]},{\"@type\":\"WebSite\",\"@id\":\"https:\/\/fw-em.de\/#website\",\"url\":\"https:\/\/fw-em.de\/\",\"name\":\"Energie & Management\",\"description\":\"Beratung &amp; Pr\u00fcfen\",\"publisher\":{\"@id\":\"https:\/\/fw-em.de\/#organization\"},\"potentialAction\":[{\"@type\":\"SearchAction\",\"target\":{\"@type\":\"EntryPoint\",\"urlTemplate\":\"https:\/\/fw-em.de\/?s={search_term_string}\"},\"query-input\":\"required name=search_term_string\"}],\"inLanguage\":\"de\"},{\"@type\":\"Organization\",\"@id\":\"https:\/\/fw-em.de\/#organization\",\"name\":\"Energie & Management\",\"url\":\"https:\/\/fw-em.de\/\",\"logo\":{\"@type\":\"ImageObject\",\"inLanguage\":\"de\",\"@id\":\"https:\/\/fw-em.de\/#\/schema\/logo\/image\/\",\"url\":\"https:\/\/fw-em.de\/wp-content\/uploads\/2020\/04\/AdobeStock_76322816-scaled.jpeg\",\"contentUrl\":\"https:\/\/fw-em.de\/wp-content\/uploads\/2020\/04\/AdobeStock_76322816-scaled.jpeg\",\"width\":2560,\"height\":999,\"caption\":\"Energie & Management\"},\"image\":{\"@id\":\"https:\/\/fw-em.de\/#\/schema\/logo\/image\/\"}}]}<\/script>\n<!-- \/ Yoast SEO plugin. -->","yoast_head_json":{"title":"Beratung Energiemanagement - Energie &amp; Management","robots":{"index":"index","follow":"follow","max-snippet":"max-snippet:-1","max-image-preview":"max-image-preview:large","max-video-preview":"max-video-preview:-1"},"canonical":"https:\/\/fw-em.de\/?page_id=47","og_locale":"de_DE","og_type":"article","og_title":"Beratung Energiemanagement - Energie &amp; Management","og_description":"Wir beraten Sie bei allen Fragen rund um das Thema Energiemanagement. Sie wollen ein Energiemanagementsystem (EMS) einf\u00fchren ? Sie wollen Ihre Energiekosten pr\u00fcfen und optimieren ? Den Energiebedarf Ihres Unternehmen feststellen? Den Verbrauch einer Maschine messen? Wir erstellen Ihnen ein Konzept f\u00fcr Ihren Maschinenpark wann &#8222;arbeitet&#8220; Ihre Maschine und wann steht diese (Produktivit\u00e4t) Oder die &hellip; \u201eBeratung Energiemanagement\u201c weiterlesen","og_url":"https:\/\/fw-em.de\/?page_id=47","og_site_name":"Energie &amp; Management","article_modified_time":"2020-04-20T19:50:35+00:00","twitter_card":"summary_large_image","schema":{"@context":"https:\/\/schema.org","@graph":[{"@type":"WebPage","@id":"https:\/\/fw-em.de\/?page_id=47","url":"https:\/\/fw-em.de\/?page_id=47","name":"Beratung Energiemanagement - Energie &amp; Management","isPartOf":{"@id":"https:\/\/fw-em.de\/#website"},"datePublished":"2020-02-25T20:54:18+00:00","dateModified":"2020-04-20T19:50:35+00:00","breadcrumb":{"@id":"https:\/\/fw-em.de\/?page_id=47#breadcrumb"},"inLanguage":"de","potentialAction":[{"@type":"ReadAction","target":["https:\/\/fw-em.de\/?page_id=47"]}]},{"@type":"BreadcrumbList","@id":"https:\/\/fw-em.de\/?page_id=47#breadcrumb","itemListElement":[{"@type":"ListItem","position":1,"name":"Startseite","item":"https:\/\/fw-em.de\/"},{"@type":"ListItem","position":2,"name":"Beratung Energiemanagement"}]},{"@type":"WebSite","@id":"https:\/\/fw-em.de\/#website","url":"https:\/\/fw-em.de\/","name":"Energie & Management","description":"Beratung &amp; Pr\u00fcfen","publisher":{"@id":"https:\/\/fw-em.de\/#organization"},"potentialAction":[{"@type":"SearchAction","target":{"@type":"EntryPoint","urlTemplate":"https:\/\/fw-em.de\/?s={search_term_string}"},"query-input":"required name=search_term_string"}],"inLanguage":"de"},{"@type":"Organization","@id":"https:\/\/fw-em.de\/#organization","name":"Energie & Management","url":"https:\/\/fw-em.de\/","logo":{"@type":"ImageObject","inLanguage":"de","@id":"https:\/\/fw-em.de\/#\/schema\/logo\/image\/","url":"https:\/\/fw-em.de\/wp-content\/uploads\/2020\/04\/AdobeStock_76322816-scaled.jpeg","contentUrl":"https:\/\/fw-em.de\/wp-content\/uploads\/2020\/04\/AdobeStock_76322816-scaled.jpeg","width":2560,"height":999,"caption":"Energie & Management"},"image":{"@id":"https:\/\/fw-em.de\/#\/schema\/logo\/image\/"}}]}},"_links":{"self":[{"href":"https:\/\/fw-em.de\/index.php?rest_route=\/wp\/v2\/pages\/47"}],"collection":[{"href":"https:\/\/fw-em.de\/index.php?rest_route=\/wp\/v2\/pages"}],"about":[{"href":"https:\/\/fw-em.de\/index.php?rest_route=\/wp\/v2\/types\/page"}],"author":[{"embeddable":true,"href":"https:\/\/fw-em.de\/index.php?rest_route=\/wp\/v2\/users\/1"}],"replies":[{"embeddable":true,"href":"https:\/\/fw-em.de\/index.php?rest_route=%2Fwp%2Fv2%2Fcomments&post=47"}],"version-history":[{"count":4,"href":"https:\/\/fw-em.de\/index.php?rest_route=\/wp\/v2\/pages\/47\/revisions"}],"predecessor-version":[{"id":214,"href":"https:\/\/fw-em.de\/index.php?rest_route=\/wp\/v2\/pages\/47\/revisions\/214"}],"wp:attachment":[{"href":"https:\/\/fw-em.de\/index.php?rest_route=%2Fwp%2Fv2%2Fmedia&parent=47"}],"curies":[{"name":"wp","href":"https:\/\/api.w.org\/{rel}","templated":true}]}}