{"id":70,"date":"2020-02-26T14:28:21","date_gmt":"2020-02-26T13:28:21","guid":{"rendered":"http:\/\/fw-em.de\/?page_id=70"},"modified":"2021-09-28T20:30:20","modified_gmt":"2021-09-28T19:30:20","slug":"startseite","status":"publish","type":"page","link":"https:\/\/fw-em.de\/","title":{"rendered":"Herzlich Wilkommen bei Energie &#038; Management"},"content":{"rendered":"\n<div class=\"wp-block-ps2id-block-target\" id=\"punkt-1\"><\/div>\n\n\n\n<p>Als L\u00f6sungsanbieter f\u00fcr Ihr Unternhemen bieten wir branchen\u00fcbergreifendes Fachwissen, individuelle Beratung und Pr\u00fcfungen an.<\/p>\n\n\n\n<p><\/p>\n\n\n\n<p>Zu unserem Portfolio geh\u00f6ren:<\/p>\n\n\n\n<div class=\"wp-block-group is-layout-flow wp-block-group-is-layout-flow\"><div class=\"wp-block-group__inner-container\">\n<p><a href=\"http:\/\/fw-em.de\/?page_id=47\/#Beratung\"> Beratung Energiemanagement <\/a><\/p>\n\n\n\n<p><br><a href=\"http:\/\/fw-em.de\/?page_id=37\/#Regalpr\u00fcfung\"> Regalpr\u00fcfung nach DIN EN 15635 <\/a><\/p>\n\n\n\n<p><br><a href=\"http:\/\/fw-em.de\/?page_id=41\/#Pr\u00fcfung\">Pr\u00fcfung von Leitern, Tritten &amp; Podesten<\/a><\/p>\n\n\n\n<p><br><a href=\"http:\/\/fw-em.de\/?page_id=248\">Flurf\u00f6rderzeuge bedienen \u2013 Ausbildung f\u00fcr Fahrpersonal<\/a><\/p>\n\n\n\n<p>  <a href=\"http:\/\/fw-em.de\/?page_id=241\"><br>Erstellen von Gef\u00e4hrdungsbeurteilungen &amp; Betriebsanweisungen &amp; Sicherheitsunterweisungen<\/a><\/p>\n<\/div><\/div>\n\n\n\n<p><a href=\"http:\/\/fw-em.de\/?page_id=268\">Hubarbeitsb\u00fchnen bedienen \u2013 Ausbildung f\u00fcr Fahrpersonal<\/a><\/p>\n","protected":false},"excerpt":{"rendered":"<p>Als L\u00f6sungsanbieter f\u00fcr Ihr Unternhemen bieten wir branchen\u00fcbergreifendes Fachwissen, individuelle Beratung und Pr\u00fcfungen an. Zu unserem Portfolio geh\u00f6ren: Beratung Energiemanagement Regalpr\u00fcfung nach DIN EN 15635 Pr\u00fcfung von Leitern, Tritten &amp; Podesten Flurf\u00f6rderzeuge bedienen \u2013 Ausbildung f\u00fcr Fahrpersonal Erstellen von Gef\u00e4hrdungsbeurteilungen &amp; Betriebsanweisungen &amp; Sicherheitsunterweisungen Hubarbeitsb\u00fchnen bedienen \u2013 Ausbildung f\u00fcr Fahrpersonal<\/p>\n","protected":false},"author":1,"featured_media":0,"parent":0,"menu_order":0,"comment_status":"closed","ping_status":"closed","template":"","meta":{"_acf_changed":false,"footnotes":""},"acf":[],"yoast_head":"<!-- This site is optimized with the Yoast SEO plugin v22.1 - https:\/\/yoast.com\/wordpress\/plugins\/seo\/ -->\n<title>Herzlich Wilkommen bei Energie &amp; Management - Energie &amp; Management<\/title>\n<meta name=\"robots\" content=\"index, follow, max-snippet:-1, max-image-preview:large, max-video-preview:-1\" \/>\n<link rel=\"canonical\" href=\"https:\/\/fw-em.de\/\" \/>\n<meta property=\"og:locale\" content=\"de_DE\" \/>\n<meta property=\"og:type\" content=\"article\" \/>\n<meta property=\"og:title\" content=\"Herzlich Wilkommen bei Energie &amp; Management - Energie &amp; Management\" \/>\n<meta property=\"og:description\" content=\"Als L\u00f6sungsanbieter f\u00fcr Ihr Unternhemen bieten wir branchen\u00fcbergreifendes Fachwissen, individuelle Beratung und Pr\u00fcfungen an. Zu unserem Portfolio geh\u00f6ren: Beratung Energiemanagement Regalpr\u00fcfung nach DIN EN 15635 Pr\u00fcfung von Leitern, Tritten &amp; Podesten Flurf\u00f6rderzeuge bedienen \u2013 Ausbildung f\u00fcr Fahrpersonal Erstellen von Gef\u00e4hrdungsbeurteilungen &amp; Betriebsanweisungen &amp; Sicherheitsunterweisungen Hubarbeitsb\u00fchnen bedienen \u2013 Ausbildung f\u00fcr Fahrpersonal\" \/>\n<meta property=\"og:url\" content=\"https:\/\/fw-em.de\/\" \/>\n<meta property=\"og:site_name\" content=\"Energie &amp; Management\" \/>\n<meta property=\"article:modified_time\" content=\"2021-09-28T19:30:20+00:00\" \/>\n<meta name=\"twitter:card\" content=\"summary_large_image\" \/>\n<meta name=\"twitter:label1\" content=\"Gesch\u00e4tzte Lesezeit\" \/>\n\t<meta name=\"twitter:data1\" content=\"1\u00a0Minute\" \/>\n<script type=\"application\/ld+json\" class=\"yoast-schema-graph\">{\"@context\":\"https:\/\/schema.org\",\"@graph\":[{\"@type\":\"WebPage\",\"@id\":\"https:\/\/fw-em.de\/\",\"url\":\"https:\/\/fw-em.de\/\",\"name\":\"Herzlich Wilkommen bei Energie & Management - Energie &amp; Management\",\"isPartOf\":{\"@id\":\"https:\/\/fw-em.de\/#website\"},\"datePublished\":\"2020-02-26T13:28:21+00:00\",\"dateModified\":\"2021-09-28T19:30:20+00:00\",\"breadcrumb\":{\"@id\":\"https:\/\/fw-em.de\/#breadcrumb\"},\"inLanguage\":\"de\",\"potentialAction\":[{\"@type\":\"ReadAction\",\"target\":[\"https:\/\/fw-em.de\/\"]}]},{\"@type\":\"BreadcrumbList\",\"@id\":\"https:\/\/fw-em.de\/#breadcrumb\",\"itemListElement\":[{\"@type\":\"ListItem\",\"position\":1,\"name\":\"Startseite\",\"item\":\"https:\/\/fw-em.de\/\"},{\"@type\":\"ListItem\",\"position\":2,\"name\":\"Herzlich Wilkommen bei Energie &#038; Management\"}]},{\"@type\":\"WebSite\",\"@id\":\"https:\/\/fw-em.de\/#website\",\"url\":\"https:\/\/fw-em.de\/\",\"name\":\"Energie & Management\",\"description\":\"Beratung &amp; Pr\u00fcfen\",\"publisher\":{\"@id\":\"https:\/\/fw-em.de\/#organization\"},\"potentialAction\":[{\"@type\":\"SearchAction\",\"target\":{\"@type\":\"EntryPoint\",\"urlTemplate\":\"https:\/\/fw-em.de\/?s={search_term_string}\"},\"query-input\":\"required name=search_term_string\"}],\"inLanguage\":\"de\"},{\"@type\":\"Organization\",\"@id\":\"https:\/\/fw-em.de\/#organization\",\"name\":\"Energie & Management\",\"url\":\"https:\/\/fw-em.de\/\",\"logo\":{\"@type\":\"ImageObject\",\"inLanguage\":\"de\",\"@id\":\"https:\/\/fw-em.de\/#\/schema\/logo\/image\/\",\"url\":\"https:\/\/fw-em.de\/wp-content\/uploads\/2020\/04\/AdobeStock_76322816-scaled.jpeg\",\"contentUrl\":\"https:\/\/fw-em.de\/wp-content\/uploads\/2020\/04\/AdobeStock_76322816-scaled.jpeg\",\"width\":2560,\"height\":999,\"caption\":\"Energie & Management\"},\"image\":{\"@id\":\"https:\/\/fw-em.de\/#\/schema\/logo\/image\/\"}}]}<\/script>\n<!-- \/ Yoast SEO plugin. -->","yoast_head_json":{"title":"Herzlich Wilkommen bei Energie & Management - Energie &amp; Management","robots":{"index":"index","follow":"follow","max-snippet":"max-snippet:-1","max-image-preview":"max-image-preview:large","max-video-preview":"max-video-preview:-1"},"canonical":"https:\/\/fw-em.de\/","og_locale":"de_DE","og_type":"article","og_title":"Herzlich Wilkommen bei Energie & Management - Energie &amp; Management","og_description":"Als L\u00f6sungsanbieter f\u00fcr Ihr Unternhemen bieten wir branchen\u00fcbergreifendes Fachwissen, individuelle Beratung und Pr\u00fcfungen an. Zu unserem Portfolio geh\u00f6ren: Beratung Energiemanagement Regalpr\u00fcfung nach DIN EN 15635 Pr\u00fcfung von Leitern, Tritten &amp; Podesten Flurf\u00f6rderzeuge bedienen \u2013 Ausbildung f\u00fcr Fahrpersonal Erstellen von Gef\u00e4hrdungsbeurteilungen &amp; Betriebsanweisungen &amp; Sicherheitsunterweisungen Hubarbeitsb\u00fchnen bedienen \u2013 Ausbildung f\u00fcr Fahrpersonal","og_url":"https:\/\/fw-em.de\/","og_site_name":"Energie &amp; Management","article_modified_time":"2021-09-28T19:30:20+00:00","twitter_card":"summary_large_image","twitter_misc":{"Gesch\u00e4tzte Lesezeit":"1\u00a0Minute"},"schema":{"@context":"https:\/\/schema.org","@graph":[{"@type":"WebPage","@id":"https:\/\/fw-em.de\/","url":"https:\/\/fw-em.de\/","name":"Herzlich Wilkommen bei Energie & Management - Energie &amp; Management","isPartOf":{"@id":"https:\/\/fw-em.de\/#website"},"datePublished":"2020-02-26T13:28:21+00:00","dateModified":"2021-09-28T19:30:20+00:00","breadcrumb":{"@id":"https:\/\/fw-em.de\/#breadcrumb"},"inLanguage":"de","potentialAction":[{"@type":"ReadAction","target":["https:\/\/fw-em.de\/"]}]},{"@type":"BreadcrumbList","@id":"https:\/\/fw-em.de\/#breadcrumb","itemListElement":[{"@type":"ListItem","position":1,"name":"Startseite","item":"https:\/\/fw-em.de\/"},{"@type":"ListItem","position":2,"name":"Herzlich Wilkommen bei Energie &#038; Management"}]},{"@type":"WebSite","@id":"https:\/\/fw-em.de\/#website","url":"https:\/\/fw-em.de\/","name":"Energie & Management","description":"Beratung &amp; Pr\u00fcfen","publisher":{"@id":"https:\/\/fw-em.de\/#organization"},"potentialAction":[{"@type":"SearchAction","target":{"@type":"EntryPoint","urlTemplate":"https:\/\/fw-em.de\/?s={search_term_string}"},"query-input":"required name=search_term_string"}],"inLanguage":"de"},{"@type":"Organization","@id":"https:\/\/fw-em.de\/#organization","name":"Energie & Management","url":"https:\/\/fw-em.de\/","logo":{"@type":"ImageObject","inLanguage":"de","@id":"https:\/\/fw-em.de\/#\/schema\/logo\/image\/","url":"https:\/\/fw-em.de\/wp-content\/uploads\/2020\/04\/AdobeStock_76322816-scaled.jpeg","contentUrl":"https:\/\/fw-em.de\/wp-content\/uploads\/2020\/04\/AdobeStock_76322816-scaled.jpeg","width":2560,"height":999,"caption":"Energie & Management"},"image":{"@id":"https:\/\/fw-em.de\/#\/schema\/logo\/image\/"}}]}},"_links":{"self":[{"href":"https:\/\/fw-em.de\/index.php?rest_route=\/wp\/v2\/pages\/70"}],"collection":[{"href":"https:\/\/fw-em.de\/index.php?rest_route=\/wp\/v2\/pages"}],"about":[{"href":"https:\/\/fw-em.de\/index.php?rest_route=\/wp\/v2\/types\/page"}],"author":[{"embeddable":true,"href":"https:\/\/fw-em.de\/index.php?rest_route=\/wp\/v2\/users\/1"}],"replies":[{"embeddable":true,"href":"https:\/\/fw-em.de\/index.php?rest_route=%2Fwp%2Fv2%2Fcomments&post=70"}],"version-history":[{"count":25,"href":"https:\/\/fw-em.de\/index.php?rest_route=\/wp\/v2\/pages\/70\/revisions"}],"predecessor-version":[{"id":277,"href":"https:\/\/fw-em.de\/index.php?rest_route=\/wp\/v2\/pages\/70\/revisions\/277"}],"wp:attachment":[{"href":"https:\/\/fw-em.de\/index.php?rest_route=%2Fwp%2Fv2%2Fmedia&parent=70"}],"curies":[{"name":"wp","href":"https:\/\/api.w.org\/{rel}","templated":true}]}}